{"id":987490614,"date":"2022-03-10T08:18:29","date_gmt":"2022-03-10T06:18:29","guid":{"rendered":"https:\/\/assetmanagementspain.com\/cookie-%e6%94%bf%e7%ad%96\/"},"modified":"2022-08-23T17:58:08","modified_gmt":"2022-08-23T15:58:08","slug":"cookie-%e6%94%bf%e7%ad%96","status":"publish","type":"page","link":"https:\/\/assetmanagementspain.com\/zh-hans\/cookie-%e6%94%bf%e7%ad%96\/","title":{"rendered":"Cookie \u653f\u7b56"},"content":{"rendered":"<p>[et_pb_section fb_built=&#8221;1&#8243; admin_label=&#8221;CTA&#8221; _builder_version=&#8221;4.16&#8243; background_color=&#8221;#263142&#8243; background_image=&#8221;https:\/\/assetmanagementspain.com\/wp-content\/uploads\/2022\/04\/financial-advisor-24.png&#8221; locked=&#8221;off&#8221; global_colors_info=&#8221;{}&#8221;][et_pb_row _builder_version=&#8221;4.16&#8243; global_colors_info=&#8221;{}&#8221;][et_pb_column type=&#8221;4_4&#8243; _builder_version=&#8221;4.16&#8243; global_colors_info=&#8221;{}&#8221;][\/et_pb_column][\/et_pb_row][\/et_pb_section][et_pb_section fb_built=&#8221;1&#8243; admin_label=&#8221;Features&#8221; _builder_version=&#8221;4.16&#8243; background_color=&#8221;#263142&#8243; locked=&#8221;off&#8221; global_colors_info=&#8221;{}&#8221;][et_pb_row _builder_version=&#8221;4.16&#8243; global_colors_info=&#8221;{}&#8221;][et_pb_column type=&#8221;4_4&#8243; _builder_version=&#8221;4.16&#8243; global_colors_info=&#8221;{}&#8221;][et_pb_text _builder_version=&#8221;4.16.0&#8243; text_text_color=&#8221;#ffffff&#8221; header_text_color=&#8221;gcid-aefeed16-5a4b-4c2f-a7e2-a17ec4351cda&#8221; background_size=&#8221;initial&#8221; background_position=&#8221;top_left&#8221; background_repeat=&#8221;repeat&#8221; global_colors_info=&#8221;{%22gcid-aefeed16-5a4b-4c2f-a7e2-a17ec4351cda%22:%91%22header_text_color%22%93}&#8221;]<\/p>\n<div class=\"et_pb_column et_pb_column_4_4 et_pb_column_0 et_pb_css_mix_blend_mode_passthrough et-last-child\">\n<div class=\"et_pb_module et_pb_text et_pb_text_0 et_pb_text_align_left et_pb_bg_layout_light\">\n<div class=\"et_pb_text_inner\">\n<h1>Cookie \u653f\u7b56<\/h1>\n<p>\u672c cookie \u653f\u7b56\u7684\u76ee\u7684\u662f\u660e\u786e\u3001\u51c6\u786e\u5730\u544a\u77e5\u60a8\u5185\u653f\u90e8\u7f51\u7ad9\u4e0a\u4f7f\u7528\u7684 cookie\u3002<\/p>\n<p><strong>\u4ec0\u4e48\u662f Cookie\uff1f<\/strong><\/p>\n<p>Cookie \u662f\u60a8\u8bbf\u95ee\u7684\u7f51\u7ad9\u53d1\u9001\u5230\u60a8\u7684\u6d4f\u89c8\u5668\u7684\u4e00\u5c0f\u6bb5\u6587\u672c\uff0c\u5b83\u5141\u8bb8\u7f51\u7ad9\u8bb0\u4f4f\u6709\u5173\u60a8\u8bbf\u95ee\u7684\u4fe1\u606f\uff0c\u4f8b\u5982\u60a8\u7684\u9996\u9009\u8bed\u8a00\u548c\u5176\u4ed6\u9009\u9879\uff0c\u4ee5\u65b9\u4fbf\u60a8\u4e0b\u6b21\u8bbf\u95ee\u5e76\u5236\u4f5c\u8be5\u7f51\u7ad9\u5bf9\u60a8\u66f4\u6709\u7528\u3002 Cookie \u53d1\u6325\u7740\u975e\u5e38\u91cd\u8981\u7684\u4f5c\u7528\uff0c\u6709\u52a9\u4e8e\u4e3a\u7528\u6237\u63d0\u4f9b\u66f4\u597d\u7684\u6d4f\u89c8\u4f53\u9a8c\u3002<\/p>\n<p><strong>Cookie \u7c7b\u578b<\/strong><\/p>\n<p>\u6839\u636e\u7ba1\u7406\u53d1\u9001 cookie \u548c\u5904\u7406\u6240\u83b7\u5f97\u6570\u636e\u7684\u57df\u7684\u5b9e\u4f53\uff0c\u53ef\u4ee5\u533a\u5206\u4e24\u79cd\u7c7b\u578b\uff1a\u81ea\u5df1\u7684 cookie \u548c\u7b2c\u4e09\u65b9 cookie\u3002<\/p>\n<p>\u6839\u636e\u5b83\u4eec\u5728\u5ba2\u6237\u7aef\u6d4f\u89c8\u5668\u4e2d\u4fdd\u7559\u7684\u65f6\u95f4\u957f\u5ea6\uff0c\u8fd8\u6709\u7b2c\u4e8c\u79cd\u5206\u7c7b\uff0c\u53ef\u80fd\u662f\u4f1a\u8bddcookie\u6216\u6301\u4e45cookie\u3002<\/p>\n<p>\u6700\u540e\uff0c\u6839\u636e\u5904\u7406\u6240\u83b7\u5f97\u6570\u636e\u7684\u76ee\u7684\uff0c\u8fd8\u6709\u4e94\u79cd cookie \u7684\u5206\u7c7b\uff1a\u6280\u672f cookie\u3001\u4e2a\u6027\u5316 cookie\u3001\u5206\u6790 cookie\u3001\u5e7f\u544a cookie \u548c\u884c\u4e3a\u5e7f\u544a cookie\u3002<\/p>\n<p>\u6709\u5173\u8fd9\u65b9\u9762\u7684\u66f4\u591a\u4fe1\u606f\uff0c\u60a8\u53ef\u4ee5\u67e5\u9605 <a href=\"http:\/\/www.interior.gob.es\/documents\/10180\/13073\/Guia_Cookies.pdf\/7c72c988 \u7684 cookie \u4f7f\u7528\u6307\u5357- 1e55-42b5-aeee-f7c46a319903\">\u897f\u73ed\u7259\u6570\u636e\u4fdd\u62a4\u5c40<\/a>\u3002<\/p>\n<p><strong>\u7f51\u7edc\u4e0a\u4f7f\u7528\u7684 Cookies<\/strong><\/p>\n<p>\u5728\u6b64\u95e8\u6237\u4e2d\u4f7f\u7528\u7684 cookie \u53ca\u5176\u7c7b\u578b\u548c\u529f\u80fd\u5982\u4e0b\u6240\u793a\uff1a<\/p>\n<p>\u5b89\u5168\u5de5\u4eba\u8054\u76df StS \u7684\u7f51\u7ad9\u4f7f\u7528 Google Analytics\uff0c\u8fd9\u662f\u4e00\u79cd\u7531 Google \u5f00\u53d1\u7684\u7f51\u7edc\u5206\u6790\u670d\u52a1\uff0c\u53ef\u4ee5\u6d4b\u91cf\u548c\u5206\u6790\u7f51\u9875\u4e0a\u7684\u5bfc\u822a\u3002\u5728\u60a8\u7684\u6d4f\u89c8\u5668\u4e2d\uff0c\u60a8\u53ef\u4ee5\u770b\u5230\u6765\u81ea\u8be5\u670d\u52a1\u7684 cookie\u3002\u6839\u636e\u4e4b\u524d\u7684\u7c7b\u578b\uff0c\u8fd9\u4e9b\u662f\u81ea\u5df1\u7684\u3001\u4f1a\u8bdd\u548c\u5206\u6790 cookie\u3002<\/p>\n<p>\u901a\u8fc7\u7f51\u7edc\u5206\u6790\uff0c\u83b7\u53d6\u6709\u5173\u8bbf\u95ee\u7f51\u7edc\u7684\u7528\u6237\u6570\u91cf\u3001\u67e5\u770b\u7684\u9875\u9762\u6570\u91cf\u3001\u8bbf\u95ee\u9891\u7387\u548c\u91cd\u590d\u6b21\u6570\u3001\u8bbf\u95ee\u6301\u7eed\u65f6\u95f4\u3001\u4f7f\u7528\u7684\u6d4f\u89c8\u5668\u3001\u63d0\u4f9b\u670d\u52a1\u7684\u8fd0\u8425\u5546\u3001\u8bed\u8a00\u3001\u60a8\u4f7f\u7528\u7684\u7ec8\u7aef\u548c IP \u5730\u5740\u5206\u914d\u5230\u7684\u57ce\u5e02\u3002\u901a\u8fc7\u6b64\u95e8\u6237\u63d0\u4f9b\u66f4\u597d\u3001\u66f4\u5408\u9002\u7684\u670d\u52a1\u7684\u4fe1\u606f\u3002<\/p>\n<p>\u4e3a\u786e\u4fdd\u533f\u540d\u6027\uff0cGoogle \u4f1a\u5728\u5b58\u50a8\u60a8\u7684 IP \u5730\u5740\u4e4b\u524d\u5bf9\u5176\u8fdb\u884c\u533f\u540d\u5316\u5904\u7406\uff0c\u56e0\u6b64 Google Analytics\uff08\u5206\u6790\uff09\u4e0d\u4f1a\u7528\u4e8e\u5b9a\u4f4d\u6216\u6536\u96c6\u7f51\u7ad9\u8bbf\u95ee\u8005\u7684\u4e2a\u4eba\u8eab\u4efd\u4fe1\u606f\u3002\u8c37\u6b4c\u53ea\u6709\u5728\u6709\u6cd5\u5f8b\u4e49\u52a1\u7684\u60c5\u51b5\u4e0b\u624d\u4f1a\u5c06\u8c37\u6b4c\u5206\u6790\u6536\u96c6\u7684\u4fe1\u606f\u53d1\u9001\u7ed9\u7b2c\u4e09\u65b9\u3002\u6839\u636e Google Analytics \u670d\u52a1\u7684\u6761\u6b3e\uff0cGoogle \u4e0d\u4f1a\u5c06\u60a8\u7684 IP \u5730\u5740\u4e0e Google \u6301\u6709\u7684\u4efb\u4f55\u5176\u4ed6\u6570\u636e\u76f8\u5173\u8054\u3002<\/p>\n<p>\u4e0b\u8f7d\u7684\u53e6\u4e00\u4e2a cookie \u662f\u4e00\u4e2a\u540d\u4e3a JSESSIONID \u7684\u6280\u672f cookie\u3002\u6b64 cookie \u5141\u8bb8\u60a8\u4e3a\u6bcf\u4e2a\u4f1a\u8bdd\u5b58\u50a8\u4e00\u4e2a\u552f\u4e00\u6807\u8bc6\u7b26\uff0c\u901a\u8fc7\u8be5\u6807\u8bc6\u7b26\u53ef\u4ee5\u94fe\u63a5\u542f\u7528\u6301\u7eed\u5bfc\u822a\u6240\u9700\u7684\u6570\u636e\u3002<\/p>\n<p>\u6700\u540e\uff0c\u4e0b\u8f7d\u4e86\u4e00\u4e2a\u540d\u4e3a show_cookies \u7684\u5c5e\u4e8e\u81ea\u5df1\u7684\u6280\u672f\u548c\u4f1a\u8bdd\u7c7b\u578b\u7684 cookie\u3002\u7ba1\u7406\u7528\u6237\u5bf9\u5728\u7f51\u7ad9\u4e0a\u4f7f\u7528 cookie \u7684\u540c\u610f\uff0c\u4ee5\u8bb0\u4f4f\u90a3\u4e9b\u5df2\u63a5\u53d7\u548c\u672a\u63a5\u53d7\u7684\u7528\u6237\uff0c\u4ee5\u4fbf\u524d\u8005\u4e0d\u4f1a\u5728\u9875\u9762\u9876\u90e8\u663e\u793a\u6709\u5173\u5b83\u7684\u4fe1\u606f\u3002<\/p>\n<p><strong>\u63a5\u53d7 cookie \u653f\u7b56<\/strong><\/p>\n<p>\u70b9\u51fb\u63a5\u53d7\u6309\u94ae\u5373\u8868\u793a\u60a8\u63a5\u53d7\u4f7f\u7528 cookie\u3002<\/p>\n<p><strong>\u5982\u4f55\u4fee\u6539 cookie \u8bbe\u7f6e<\/strong><\/p>\n<p>\u60a8\u53ef\u4ee5\u4f7f\u7528\u6d4f\u89c8\u5668\u9650\u5236\u3001\u963b\u6b62\u6216\u5220\u9664 <span style=\"color: #f4ab43;\">Asset Management Spain<\/span> \u6216\u4efb\u4f55\u5176\u4ed6\u7f51\u9875\u7684 cookie\u3002\u6bcf\u4e2a\u6d4f\u89c8\u5668\u7684\u64cd\u4f5c\u90fd\u4e0d\u4e00\u6837\uff0c\u201c\u5e2e\u52a9\u201d\u529f\u80fd\u4f1a\u544a\u8bc9\u4f60\u600e\u4e48\u505a\u3002<\/p>\n<p><strong>\u5141\u8bb8\u3001\u77e5\u9053\u3001\u963b\u6b62\u6216\u5220\u9664 cookie\u3002<\/strong><\/p>\n<p>\u6240\u6709\u6d4f\u89c8\u5668\u90fd\u5141\u8bb8\u60a8\u901a\u8fc7\u8ba1\u7b97\u673a\u4e0a\u5b89\u88c5\u7684\u6d4f\u89c8\u5668\u7684\u914d\u7f6e\u9009\u9879\u66f4\u6539\u5b89\u88c5\u7684 Cookie \u7684\u914d\u7f6e\u3002\u6839\u636e\u60a8\u4f7f\u7528\u7684\u6d4f\u89c8\u5668\u7c7b\u578b\uff0c\u60a8\u53ef\u4ee5\u901a\u8fc7\u5355\u51fb\u4ee5\u4e0b\u94fe\u63a5\u627e\u5230\u6709\u5173\u5982\u4f55\u64cd\u4f5c\u7684\u4fe1\u606f\uff1a<\/p>\n<p><strong>Firefox<\/strong> \u4ece\u8fd9\u91cc\uff1a<a href=\"https:\/\/support.mozilla.org\/es\/kb\/enable-and-disable-cookies-que-los-sites-we\" \u76ee\u6807=\"_\u7a7a\u767d\"\nrel=\"noopener noreferrer\">http:\/\/support.mozilla.org\/es\/kb\/habilitar-y-deshabilitar-cookies-que-los-sitios-we<\/a><\/p>\n<p><strong>Chrome<\/strong> \u4e0b\u8f7d\uff1a<a href=\"https:\/\/support.google.com\/chrome\/bin\/answer.py?hl=es&amp;answer=95647\" target=\"_blank\" rel=\"noopener noreferrer\">http:\/\/support.google.com\/chrome\/bin\/answer.py?hl=es&amp;answer=95647<\/a><\/p>\n<p><strong>Explorer<\/strong> \u4e0b\u8f7d\uff1a<a href=\"https:\/\/support.microsoft.com\/es-es\/help\/17442\/windows-internet-explorer-delete-manage-cookies\" \u76ee\u6807=\"_blank\" rel=\"noopener noreferrer\">https:\/\/support.microsoft.com\/es-es\/help\/17442\/windows-internet-explorer-delete-manage-cookies<\/a><\/p>\n<p><strong>Safari<\/strong> \u4e0b\u8f7d\uff1a<a href=\"https:\/\/support.apple.com\/kb\/PH19214?viewlocale=es_ES&amp;locale=es_ES\" target=\"_blank\" rel=\"noopener noreferrer\">https:\/\/support.apple.com\/kb\/PH19214?viewlocale=es_ES&amp;locale=es_ES<\/a><\/p>\n<p><strong>Opera<\/strong> \u4e0b\u8f7d\uff1a<a href=\"https:\/\/help.opera.com\/Windows\/11.50\/es-ES\/cookies.html\" target=\"_blank\" rel=\"noopener noreferrer\">http:\/\/help.opera.com\/Windows\/11.50\/es-ES\/cookies.html<\/a><\/p>\n<\/div>\n<\/div>\n<\/div>\n<p>[\/et_pb_text][\/et_pb_column][\/et_pb_row][et_pb_row admin_label=&#8221;Row&#8221; _builder_version=&#8221;4.16&#8243; positioning=&#8221;absolute&#8221; position_origin_a=&#8221;center_center&#8221; position_origin_a_tablet=&#8221;&#8221; position_origin_a_phone=&#8221;&#8221; position_origin_a_last_edited=&#8221;on|phone&#8221; position_origin_f_tablet=&#8221;&#8221; position_origin_f_phone=&#8221;&#8221; position_origin_f_last_edited=&#8221;on|phone&#8221; position_origin_r_tablet=&#8221;&#8221; position_origin_r_phone=&#8221;&#8221; position_origin_r_last_edited=&#8221;on|phone&#8221; max_width=&#8221;none&#8221; positioning_tablet=&#8221;relative&#8221; positioning_phone=&#8221;&#8221; positioning_last_edited=&#8221;on|tablet&#8221; global_colors_info=&#8221;{}&#8221;][et_pb_column type=&#8221;4_4&#8243; _builder_version=&#8221;4.16&#8243; global_colors_info=&#8221;{}&#8221;][et_pb_text _builder_version=&#8221;4.16&#8243; text_font=&#8221;Darker Grotesque|900|||||||&#8221; text_text_color=&#8221;rgba(221,204,184,0.08)&#8221; text_font_size=&#8221;20vw&#8221; text_line_height=&#8221;0.8em&#8221; scroll_vertical_motion_enable=&#8221;on&#8221; scroll_vertical_motion=&#8221;0|50|50|100|2|0|-2&#8243; scroll_vertical_motion_tablet=&#8221;&#8221; scroll_vertical_motion_phone=&#8221;0|50|50|100|0|0|0&#8243; scroll_vertical_motion_last_edited=&#8221;on|phone&#8221; global_colors_info=&#8221;{}&#8221;]<\/p>\n<p>\u200bCookie \u653f\u7b56<\/p>\n<p>[\/et_pb_text][\/et_pb_column][\/et_pb_row][\/et_pb_section][et_pb_section fb_built=&#8221;1&#8243; admin_label=&#8221;CTA&#8221; _builder_version=&#8221;4.16&#8243; background_color=&#8221;#263142&#8243; background_image=&#8221;https:\/\/assetmanagementspain.com\/wp-content\/uploads\/2022\/04\/financial-advisor-24.png&#8221; locked=&#8221;off&#8221; global_colors_info=&#8221;{}&#8221;][et_pb_row _builder_version=&#8221;4.16&#8243; global_colors_info=&#8221;{}&#8221;][et_pb_column type=&#8221;4_4&#8243; _builder_version=&#8221;4.16&#8243; global_colors_info=&#8221;{}&#8221;][\/et_pb_column][\/et_pb_row][\/et_pb_section]<\/p>\n","protected":false},"excerpt":{"rendered":"<p>Cookie \u653f\u7b56 \u672c cookie \u653f\u7b56\u7684\u76ee\u7684\u662f\u660e\u786e\u3001\u51c6\u786e\u5730\u544a\u77e5\u60a8\u5185\u653f\u90e8\u7f51\u7ad9\u4e0a\u4f7f\u7528\u7684 cookie\u3002 \u4ec0\u4e48\u662f [&hellip;]<\/p>\n","protected":false},"author":1,"featured_media":0,"parent":0,"menu_order":0,"comment_status":"closed","ping_status":"closed","template":"","meta":{"_et_pb_use_builder":"on","_et_pb_old_content":"","_et_gb_content_width":"","footnotes":""},"class_list":["post-987490614","page","type-page","status-publish","hentry"],"yoast_head":"<!-- This site is optimized with the Yoast SEO plugin v27.3 - https:\/\/yoast.com\/product\/yoast-seo-wordpress\/ -->\n<title>Cookie \u653f\u7b56 - Asset Management Spain GestMadrid<\/title>\n<meta name=\"robots\" content=\"index, follow, max-snippet:-1, max-image-preview:large, max-video-preview:-1\" \/>\n<link rel=\"canonical\" href=\"https:\/\/assetmanagementspain.com\/zh-hans\/cookie-%e6%94%bf%e7%ad%96\/\" \/>\n<meta property=\"og:locale\" content=\"zh_CN\" \/>\n<meta property=\"og:type\" content=\"article\" \/>\n<meta property=\"og:title\" content=\"Cookie \u653f\u7b56 - Asset Management Spain GestMadrid\" \/>\n<meta property=\"og:description\" content=\"Cookie \u653f\u7b56 \u672c cookie \u653f\u7b56\u7684\u76ee\u7684\u662f\u660e\u786e\u3001\u51c6\u786e\u5730\u544a\u77e5\u60a8\u5185\u653f\u90e8\u7f51\u7ad9\u4e0a\u4f7f\u7528\u7684 cookie\u3002 \u4ec0\u4e48\u662f [&hellip;]\" \/>\n<meta property=\"og:url\" content=\"https:\/\/assetmanagementspain.com\/zh-hans\/cookie-%e6%94%bf%e7%ad%96\/\" \/>\n<meta property=\"og:site_name\" content=\"Asset Management Spain GestMadrid\" \/>\n<meta property=\"article:publisher\" content=\"https:\/\/www.facebook.com\/assetmanagementspain\" \/>\n<meta property=\"article:modified_time\" content=\"2022-08-23T15:58:08+00:00\" \/>\n<meta name=\"twitter:card\" content=\"summary_large_image\" \/>\n<meta name=\"twitter:site\" content=\"@AMS_Gestmadrid\" \/>\n<script type=\"application\/ld+json\" class=\"yoast-schema-graph\">{\"@context\":\"https:\\\/\\\/schema.org\",\"@graph\":[{\"@type\":\"WebPage\",\"@id\":\"https:\\\/\\\/assetmanagementspain.com\\\/zh-hans\\\/cookie-%e6%94%bf%e7%ad%96\\\/\",\"url\":\"https:\\\/\\\/assetmanagementspain.com\\\/zh-hans\\\/cookie-%e6%94%bf%e7%ad%96\\\/\",\"name\":\"Cookie \u653f\u7b56 - Asset Management Spain GestMadrid\",\"isPartOf\":{\"@id\":\"https:\\\/\\\/assetmanagementspain.com\\\/zh-hans\\\/#website\"},\"datePublished\":\"2022-03-10T06:18:29+00:00\",\"dateModified\":\"2022-08-23T15:58:08+00:00\",\"breadcrumb\":{\"@id\":\"https:\\\/\\\/assetmanagementspain.com\\\/zh-hans\\\/cookie-%e6%94%bf%e7%ad%96\\\/#breadcrumb\"},\"inLanguage\":\"zh-Hans\",\"potentialAction\":[{\"@type\":\"ReadAction\",\"target\":[\"https:\\\/\\\/assetmanagementspain.com\\\/zh-hans\\\/cookie-%e6%94%bf%e7%ad%96\\\/\"]}]},{\"@type\":\"BreadcrumbList\",\"@id\":\"https:\\\/\\\/assetmanagementspain.com\\\/zh-hans\\\/cookie-%e6%94%bf%e7%ad%96\\\/#breadcrumb\",\"itemListElement\":[{\"@type\":\"ListItem\",\"position\":1,\"name\":\"Portada\",\"item\":\"https:\\\/\\\/assetmanagementspain.com\\\/zh-hans\\\/\"},{\"@type\":\"ListItem\",\"position\":2,\"name\":\"Cookie \u653f\u7b56\"}]},{\"@type\":\"WebSite\",\"@id\":\"https:\\\/\\\/assetmanagementspain.com\\\/zh-hans\\\/#website\",\"url\":\"https:\\\/\\\/assetmanagementspain.com\\\/zh-hans\\\/\",\"name\":\"Asset Management Spain GestMadrid\",\"description\":\"Asesor\u00eda de empresas experta en la adquisici\u00f3n de activos inmobiliarios y de inversi\u00f3n Asset Management Spain GestMadrid\",\"publisher\":{\"@id\":\"https:\\\/\\\/assetmanagementspain.com\\\/zh-hans\\\/#organization\"},\"potentialAction\":[{\"@type\":\"SearchAction\",\"target\":{\"@type\":\"EntryPoint\",\"urlTemplate\":\"https:\\\/\\\/assetmanagementspain.com\\\/zh-hans\\\/?s={search_term_string}\"},\"query-input\":{\"@type\":\"PropertyValueSpecification\",\"valueRequired\":true,\"valueName\":\"search_term_string\"}}],\"inLanguage\":\"zh-Hans\"},{\"@type\":\"Organization\",\"@id\":\"https:\\\/\\\/assetmanagementspain.com\\\/zh-hans\\\/#organization\",\"name\":\"Asset Management Spain Gestmadrid\",\"url\":\"https:\\\/\\\/assetmanagementspain.com\\\/zh-hans\\\/\",\"logo\":{\"@type\":\"ImageObject\",\"inLanguage\":\"zh-Hans\",\"@id\":\"https:\\\/\\\/assetmanagementspain.com\\\/zh-hans\\\/#\\\/schema\\\/logo\\\/image\\\/\",\"url\":\"https:\\\/\\\/assetmanagementspain.com\\\/wp-content\\\/uploads\\\/2022\\\/06\\\/Logo-ASSET-MANAGEMENT-SPAIN.png\",\"contentUrl\":\"https:\\\/\\\/assetmanagementspain.com\\\/wp-content\\\/uploads\\\/2022\\\/06\\\/Logo-ASSET-MANAGEMENT-SPAIN.png\",\"width\":651,\"height\":322,\"caption\":\"Asset Management Spain Gestmadrid\"},\"image\":{\"@id\":\"https:\\\/\\\/assetmanagementspain.com\\\/zh-hans\\\/#\\\/schema\\\/logo\\\/image\\\/\"},\"sameAs\":[\"https:\\\/\\\/www.facebook.com\\\/assetmanagementspain\",\"https:\\\/\\\/x.com\\\/AMS_Gestmadrid\",\"https:\\\/\\\/www.linkedin.com\\\/company\\\/asset-management-spain-gestmadrid\\\/?original_referer=httpsassetmanagementspain.com\",\"https:\\\/\\\/www.instagram.com\\\/assetmanagementspain\\\/\"]}]}<\/script>\n<!-- \/ Yoast SEO plugin. -->","yoast_head_json":{"title":"Cookie \u653f\u7b56 - Asset Management Spain GestMadrid","robots":{"index":"index","follow":"follow","max-snippet":"max-snippet:-1","max-image-preview":"max-image-preview:large","max-video-preview":"max-video-preview:-1"},"canonical":"https:\/\/assetmanagementspain.com\/zh-hans\/cookie-%e6%94%bf%e7%ad%96\/","og_locale":"zh_CN","og_type":"article","og_title":"Cookie \u653f\u7b56 - Asset Management Spain GestMadrid","og_description":"Cookie \u653f\u7b56 \u672c cookie \u653f\u7b56\u7684\u76ee\u7684\u662f\u660e\u786e\u3001\u51c6\u786e\u5730\u544a\u77e5\u60a8\u5185\u653f\u90e8\u7f51\u7ad9\u4e0a\u4f7f\u7528\u7684 cookie\u3002 \u4ec0\u4e48\u662f [&hellip;]","og_url":"https:\/\/assetmanagementspain.com\/zh-hans\/cookie-%e6%94%bf%e7%ad%96\/","og_site_name":"Asset Management Spain GestMadrid","article_publisher":"https:\/\/www.facebook.com\/assetmanagementspain","article_modified_time":"2022-08-23T15:58:08+00:00","twitter_card":"summary_large_image","twitter_site":"@AMS_Gestmadrid","schema":{"@context":"https:\/\/schema.org","@graph":[{"@type":"WebPage","@id":"https:\/\/assetmanagementspain.com\/zh-hans\/cookie-%e6%94%bf%e7%ad%96\/","url":"https:\/\/assetmanagementspain.com\/zh-hans\/cookie-%e6%94%bf%e7%ad%96\/","name":"Cookie \u653f\u7b56 - Asset Management Spain GestMadrid","isPartOf":{"@id":"https:\/\/assetmanagementspain.com\/zh-hans\/#website"},"datePublished":"2022-03-10T06:18:29+00:00","dateModified":"2022-08-23T15:58:08+00:00","breadcrumb":{"@id":"https:\/\/assetmanagementspain.com\/zh-hans\/cookie-%e6%94%bf%e7%ad%96\/#breadcrumb"},"inLanguage":"zh-Hans","potentialAction":[{"@type":"ReadAction","target":["https:\/\/assetmanagementspain.com\/zh-hans\/cookie-%e6%94%bf%e7%ad%96\/"]}]},{"@type":"BreadcrumbList","@id":"https:\/\/assetmanagementspain.com\/zh-hans\/cookie-%e6%94%bf%e7%ad%96\/#breadcrumb","itemListElement":[{"@type":"ListItem","position":1,"name":"Portada","item":"https:\/\/assetmanagementspain.com\/zh-hans\/"},{"@type":"ListItem","position":2,"name":"Cookie \u653f\u7b56"}]},{"@type":"WebSite","@id":"https:\/\/assetmanagementspain.com\/zh-hans\/#website","url":"https:\/\/assetmanagementspain.com\/zh-hans\/","name":"Asset Management Spain GestMadrid","description":"Asesor\u00eda de empresas experta en la adquisici\u00f3n de activos inmobiliarios y de inversi\u00f3n Asset Management Spain GestMadrid","publisher":{"@id":"https:\/\/assetmanagementspain.com\/zh-hans\/#organization"},"potentialAction":[{"@type":"SearchAction","target":{"@type":"EntryPoint","urlTemplate":"https:\/\/assetmanagementspain.com\/zh-hans\/?s={search_term_string}"},"query-input":{"@type":"PropertyValueSpecification","valueRequired":true,"valueName":"search_term_string"}}],"inLanguage":"zh-Hans"},{"@type":"Organization","@id":"https:\/\/assetmanagementspain.com\/zh-hans\/#organization","name":"Asset Management Spain Gestmadrid","url":"https:\/\/assetmanagementspain.com\/zh-hans\/","logo":{"@type":"ImageObject","inLanguage":"zh-Hans","@id":"https:\/\/assetmanagementspain.com\/zh-hans\/#\/schema\/logo\/image\/","url":"https:\/\/assetmanagementspain.com\/wp-content\/uploads\/2022\/06\/Logo-ASSET-MANAGEMENT-SPAIN.png","contentUrl":"https:\/\/assetmanagementspain.com\/wp-content\/uploads\/2022\/06\/Logo-ASSET-MANAGEMENT-SPAIN.png","width":651,"height":322,"caption":"Asset Management Spain Gestmadrid"},"image":{"@id":"https:\/\/assetmanagementspain.com\/zh-hans\/#\/schema\/logo\/image\/"},"sameAs":["https:\/\/www.facebook.com\/assetmanagementspain","https:\/\/x.com\/AMS_Gestmadrid","https:\/\/www.linkedin.com\/company\/asset-management-spain-gestmadrid\/?original_referer=httpsassetmanagementspain.com","https:\/\/www.instagram.com\/assetmanagementspain\/"]}]}},"_links":{"self":[{"href":"https:\/\/assetmanagementspain.com\/zh-hans\/wp-json\/wp\/v2\/pages\/987490614","targetHints":{"allow":["GET"]}}],"collection":[{"href":"https:\/\/assetmanagementspain.com\/zh-hans\/wp-json\/wp\/v2\/pages"}],"about":[{"href":"https:\/\/assetmanagementspain.com\/zh-hans\/wp-json\/wp\/v2\/types\/page"}],"author":[{"embeddable":true,"href":"https:\/\/assetmanagementspain.com\/zh-hans\/wp-json\/wp\/v2\/users\/1"}],"replies":[{"embeddable":true,"href":"https:\/\/assetmanagementspain.com\/zh-hans\/wp-json\/wp\/v2\/comments?post=987490614"}],"version-history":[{"count":2,"href":"https:\/\/assetmanagementspain.com\/zh-hans\/wp-json\/wp\/v2\/pages\/987490614\/revisions"}],"predecessor-version":[{"id":987490616,"href":"https:\/\/assetmanagementspain.com\/zh-hans\/wp-json\/wp\/v2\/pages\/987490614\/revisions\/987490616"}],"wp:attachment":[{"href":"https:\/\/assetmanagementspain.com\/zh-hans\/wp-json\/wp\/v2\/media?parent=987490614"}],"curies":[{"name":"wp","href":"https:\/\/api.w.org\/{rel}","templated":true}]}}