{"id":987490523,"date":"2022-04-01T12:11:21","date_gmt":"2022-04-01T10:11:21","guid":{"rendered":"https:\/\/assetmanagementspain.com\/%e6%b3%95%e5%be%8b%e8%ad%a6%e5%91%8a\/"},"modified":"2022-08-22T17:29:13","modified_gmt":"2022-08-22T15:29:13","slug":"%e6%b3%95%e5%be%8b%e8%ad%a6%e5%91%8a","status":"publish","type":"page","link":"https:\/\/assetmanagementspain.com\/zh-hans\/%e6%b3%95%e5%be%8b%e8%ad%a6%e5%91%8a\/","title":{"rendered":"\u6cd5\u5f8b\u8b66\u544a"},"content":{"rendered":"<p>[et_pb_section fb_built=&#8221;1&#8243; admin_label=&#8221;CTA&#8221; _builder_version=&#8221;4.16&#8243; background_color=&#8221;#263142&#8243; background_image=&#8221;https:\/\/assetmanagementspain.com\/wp-content\/uploads\/2022\/04\/financial-advisor-24.png&#8221; locked=&#8221;off&#8221; collapsed=&#8221;on&#8221; global_colors_info=&#8221;{}&#8221;][et_pb_row _builder_version=&#8221;4.16&#8243; global_colors_info=&#8221;{}&#8221;][et_pb_column type=&#8221;4_4&#8243; _builder_version=&#8221;4.16&#8243; global_colors_info=&#8221;{}&#8221;][\/et_pb_column][\/et_pb_row][\/et_pb_section][et_pb_section fb_built=&#8221;1&#8243; admin_label=&#8221;Features&#8221; _builder_version=&#8221;4.16&#8243; background_color=&#8221;#263142&#8243; locked=&#8221;off&#8221; collapsed=&#8221;on&#8221; global_colors_info=&#8221;{}&#8221;][et_pb_row _builder_version=&#8221;4.16&#8243; custom_padding=&#8221;27px|||||&#8221; global_colors_info=&#8221;{}&#8221;][et_pb_column type=&#8221;4_4&#8243; _builder_version=&#8221;4.16&#8243; global_colors_info=&#8221;{}&#8221;][et_pb_text _builder_version=&#8221;4.16.0&#8243; text_text_color=&#8221;#ffffff&#8221; header_text_color=&#8221;gcid-aefeed16-5a4b-4c2f-a7e2-a17ec4351cda&#8221; background_size=&#8221;initial&#8221; background_position=&#8221;top_left&#8221; background_repeat=&#8221;repeat&#8221; global_colors_info=&#8221;{%22gcid-aefeed16-5a4b-4c2f-a7e2-a17ec4351cda%22:%91%22header_text_color%22%93}&#8221;]<\/p>\n<div class=\"et_pb_column et_pb_column_4_4 et_pb_column_0 et_pb_css_mix_blend_mode_passthrough et-last-child\">\n<div class=\"et_pb_module et_pb_text et_pb_text_0 et_pb_text_align_left et_pb_bg_layout_light\">\n<div class=\"et_pb_text_inner\">\n<h1>\u6cd5\u5f8b\u58f0\u660e<\/h1>\n<p>\u6839\u636e 7 \u6708 11 \u65e5\u5173\u4e8e\u4fe1\u606f\u793e\u4f1a\u548c\u7535\u5b50\u5546\u52a1 (LSSICE) \u670d\u52a1\u7684\u7b2c 34\/2002 \u53f7\u6cd5\u5f8b\u7b2c 10 \u6761\uff0c\u516c\u53f8\u7684\u8bc6\u522b\u6570\u636e\u5982\u4e0b\u6240\u793a\u3002<\/p>\n<p><strong>\u9762\u989d\uff1a<\/strong><\/p>\n<p>Asset Management Spain<\/p>\n<p><strong>\u6ce8\u518c\u5730\u5740\uff1a<\/strong><\/p>\n<p>\u7b2c Villanueva 29 \u8857\uff0c<\/p>\n<p>28001,<\/p>\n<p>Madrid,<\/p>\n<p>Espa\u00f1a<\/p>\n<p><strong>\u7535\u5b50\u90ae\u4ef6\uff1a<\/strong><\/p>\n<p><span style=\"color: #ffffff;\"><a href=\"mailto:info@gestmadrid.com\" style=\"color: #ffffff;\">info@gestmadrid.com<\/a><\/span ><\/p>\n<p><strong>\u624b\u673a\uff1a<\/strong><\/p>\n<p>+34 919 991 009<\/p>\n<p>\u672c\u7f51\u7ad9\u7531\u897f\u73ed\u7259\u8d44\u4ea7\u7ba1\u7406\u516c\u53f8\u521b\u5efa\uff0c\u4ec5\u4f9b\u53c2\u8003\u3002\u901a\u8fc7\u672c\u6cd5\u5f8b\u58f0\u660e\uff0c\u65e8\u5728\u89c4\u8303\u672c\u7f51\u7ad9\u7684\u8bbf\u95ee\u548c\u4f7f\u7528\uff0c\u4ee5\u53ca\u672c\u7f51\u7ad9\u4e0e\u5176\u7528\u6237\u4e4b\u95f4\u7684\u5173\u7cfb\u3002\u8bbf\u95ee\u672c\u7f51\u7ad9\u5373\u8868\u793a\u63a5\u53d7\u4ee5\u4e0b\u6761\u6b3e\u548c\u6761\u4ef6\uff1a\u8bbf\u95ee\u672c\u7f51\u7ad9\u662f\u7528\u6237\u7684\u4e13\u5c5e\u8d23\u4efb\u3002<\/p>\n<p>\u7b80\u5355\u8bbf\u95ee\u672c\u7f51\u7ad9\u5e76\u4e0d\u610f\u5473\u7740 Asset Management Spain \u4e0e\u7528\u6237\u4e4b\u95f4\u5b58\u5728\u4efb\u4f55\u7c7b\u578b\u7684\u5546\u4e1a\u5173\u7cfb\u3002<\/p>\n<p>\u8bbf\u95ee\u548c\u6d4f\u89c8\u672c\u7f51\u7ad9\u610f\u5473\u7740\u63a5\u53d7\u5e76\u4e86\u89e3\u5176\u4e2d\u5305\u542b\u7684\u6cd5\u5f8b\u8b66\u544a\u3001\u6761\u4ef6\u548c\u4f7f\u7528\u6761\u6b3e\u3002<\/p>\n<p>\u7f51\u7ad9\u6240\u6709\u8005\u53ef\u4ee5\u63d0\u4f9b\u53ef\u80fd\u53d7\u5176\u81ea\u8eab\u7279\u5b9a\u6761\u4ef6\u7ea6\u675f\u7684\u670d\u52a1\u6216\u4ea7\u54c1\uff0c\u6839\u636e\u5177\u4f53\u60c5\u51b5\u66ff\u6362\u3001\u5b8c\u5584\u548c\/\u6216\u4fee\u6539\u8fd9\u4e9b\u6761\u4ef6\uff0c\u5e76\u4e14\u5728\u6bcf\u79cd\u60c5\u51b5\u4e0b\u90fd\u4f1a\u901a\u77e5\u7528\u6237. \u5177\u4f53\u7684\u3002<\/p>\n<\/div>\n<\/div>\n<\/div>\n<p>[\/et_pb_text][\/et_pb_column][\/et_pb_row][et_pb_row admin_label=&#8221;Row&#8221; _builder_version=&#8221;4.16&#8243; positioning=&#8221;absolute&#8221; position_origin_a=&#8221;center_center&#8221; position_origin_a_tablet=&#8221;&#8221; position_origin_a_phone=&#8221;&#8221; position_origin_a_last_edited=&#8221;on|phone&#8221; position_origin_f_tablet=&#8221;&#8221; position_origin_f_phone=&#8221;&#8221; position_origin_f_last_edited=&#8221;on|phone&#8221; position_origin_r_tablet=&#8221;&#8221; position_origin_r_phone=&#8221;&#8221; position_origin_r_last_edited=&#8221;on|phone&#8221; max_width=&#8221;none&#8221; positioning_tablet=&#8221;relative&#8221; positioning_phone=&#8221;&#8221; positioning_last_edited=&#8221;on|tablet&#8221; global_colors_info=&#8221;{}&#8221;][et_pb_column type=&#8221;4_4&#8243; _builder_version=&#8221;4.16&#8243; global_colors_info=&#8221;{}&#8221;][et_pb_text _builder_version=&#8221;4.16&#8243; text_font=&#8221;Darker Grotesque|900|||||||&#8221; text_text_color=&#8221;rgba(221,204,184,0.08)&#8221; text_font_size=&#8221;20vw&#8221; text_line_height=&#8221;0.8em&#8221; scroll_vertical_motion_enable=&#8221;on&#8221; scroll_vertical_motion=&#8221;0|50|50|100|2|0|-2&#8243; scroll_vertical_motion_tablet=&#8221;&#8221; scroll_vertical_motion_phone=&#8221;0|50|50|100|0|0|0&#8243; scroll_vertical_motion_last_edited=&#8221;on|phone&#8221; global_colors_info=&#8221;{}&#8221;]<\/p>\n<p>\u6cd5\u5f8b\u58f0\u660e<\/p>\n<p>[\/et_pb_text][\/et_pb_column][\/et_pb_row][\/et_pb_section][et_pb_section fb_built=&#8221;1&#8243; admin_label=&#8221;CTA&#8221; _builder_version=&#8221;4.16&#8243; background_color=&#8221;#263142&#8243; background_image=&#8221;https:\/\/assetmanagementspain.com\/wp-content\/uploads\/2022\/04\/financial-advisor-24.png&#8221; locked=&#8221;off&#8221; collapsed=&#8221;on&#8221; global_colors_info=&#8221;{}&#8221;][et_pb_row _builder_version=&#8221;4.16&#8243; global_colors_info=&#8221;{}&#8221;][et_pb_column type=&#8221;4_4&#8243; _builder_version=&#8221;4.16&#8243; global_colors_info=&#8221;{}&#8221;][\/et_pb_column][\/et_pb_row][\/et_pb_section]<\/p>\n","protected":false},"excerpt":{"rendered":"<p>\u6cd5\u5f8b\u58f0\u660e \u6839\u636e 7 \u6708 11 \u65e5\u5173\u4e8e\u4fe1\u606f\u793e\u4f1a\u548c\u7535\u5b50\u5546\u52a1 (LSSICE) \u670d\u52a1\u7684\u7b2c 34\/2002 \u53f7\u6cd5\u5f8b\u7b2c  [&hellip;]<\/p>\n","protected":false},"author":1,"featured_media":0,"parent":0,"menu_order":0,"comment_status":"closed","ping_status":"closed","template":"","meta":{"_et_pb_use_builder":"on","_et_pb_old_content":"","_et_gb_content_width":"","footnotes":""},"class_list":["post-987490523","page","type-page","status-publish","hentry"],"yoast_head":"<!-- This site is optimized with the Yoast SEO plugin v27.4 - https:\/\/yoast.com\/product\/yoast-seo-wordpress\/ -->\n<title>\u6cd5\u5f8b\u8b66\u544a - Asset Management Spain GestMadrid<\/title>\n<meta name=\"description\" content=\"\u6cd5\u5f8b\u58f0\u660e\uff1a\u7b26\u5408 7 \u6708 11 \u65e5\u5173\u4e8e\u4fe1\u606f\u793e\u4f1a\u548c\u7535\u5b50\u5546\u52a1 (LSSICE) \u670d\u52a1\u7684\u7b2c 34\/2002 \u53f7\u6cd5\u5f8b\u7b2c 10 \u6761\" \/>\n<meta name=\"robots\" content=\"index, follow, max-snippet:-1, max-image-preview:large, max-video-preview:-1\" \/>\n<link rel=\"canonical\" href=\"https:\/\/assetmanagementspain.com\/zh-hans\/%e6%b3%95%e5%be%8b%e8%ad%a6%e5%91%8a\/\" \/>\n<meta property=\"og:locale\" content=\"zh_CN\" \/>\n<meta property=\"og:type\" content=\"article\" \/>\n<meta property=\"og:title\" content=\"\u6cd5\u5f8b\u8b66\u544a - Asset Management Spain GestMadrid\" \/>\n<meta property=\"og:description\" content=\"\u6cd5\u5f8b\u58f0\u660e\uff1a\u7b26\u5408 7 \u6708 11 \u65e5\u5173\u4e8e\u4fe1\u606f\u793e\u4f1a\u548c\u7535\u5b50\u5546\u52a1 (LSSICE) \u670d\u52a1\u7684\u7b2c 34\/2002 \u53f7\u6cd5\u5f8b\u7b2c 10 \u6761\" \/>\n<meta property=\"og:url\" content=\"https:\/\/assetmanagementspain.com\/zh-hans\/%e6%b3%95%e5%be%8b%e8%ad%a6%e5%91%8a\/\" \/>\n<meta property=\"og:site_name\" content=\"Asset Management Spain GestMadrid\" \/>\n<meta property=\"article:publisher\" content=\"https:\/\/www.facebook.com\/assetmanagementspain\" \/>\n<meta property=\"article:modified_time\" content=\"2022-08-22T15:29:13+00:00\" \/>\n<meta name=\"twitter:card\" content=\"summary_large_image\" \/>\n<meta name=\"twitter:site\" content=\"@AMS_Gestmadrid\" \/>\n<script type=\"application\/ld+json\" class=\"yoast-schema-graph\">{\"@context\":\"https:\\\/\\\/schema.org\",\"@graph\":[{\"@type\":\"WebPage\",\"@id\":\"https:\\\/\\\/assetmanagementspain.com\\\/zh-hans\\\/%e6%b3%95%e5%be%8b%e8%ad%a6%e5%91%8a\\\/\",\"url\":\"https:\\\/\\\/assetmanagementspain.com\\\/zh-hans\\\/%e6%b3%95%e5%be%8b%e8%ad%a6%e5%91%8a\\\/\",\"name\":\"\u6cd5\u5f8b\u8b66\u544a - Asset Management Spain GestMadrid\",\"isPartOf\":{\"@id\":\"https:\\\/\\\/assetmanagementspain.com\\\/zh-hans\\\/#website\"},\"datePublished\":\"2022-04-01T10:11:21+00:00\",\"dateModified\":\"2022-08-22T15:29:13+00:00\",\"description\":\"\u6cd5\u5f8b\u58f0\u660e\uff1a\u7b26\u5408 7 \u6708 11 \u65e5\u5173\u4e8e\u4fe1\u606f\u793e\u4f1a\u548c\u7535\u5b50\u5546\u52a1 (LSSICE) \u670d\u52a1\u7684\u7b2c 34\\\/2002 \u53f7\u6cd5\u5f8b\u7b2c 10 \u6761\",\"breadcrumb\":{\"@id\":\"https:\\\/\\\/assetmanagementspain.com\\\/zh-hans\\\/%e6%b3%95%e5%be%8b%e8%ad%a6%e5%91%8a\\\/#breadcrumb\"},\"inLanguage\":\"zh-Hans\",\"potentialAction\":[{\"@type\":\"ReadAction\",\"target\":[\"https:\\\/\\\/assetmanagementspain.com\\\/zh-hans\\\/%e6%b3%95%e5%be%8b%e8%ad%a6%e5%91%8a\\\/\"]}]},{\"@type\":\"BreadcrumbList\",\"@id\":\"https:\\\/\\\/assetmanagementspain.com\\\/zh-hans\\\/%e6%b3%95%e5%be%8b%e8%ad%a6%e5%91%8a\\\/#breadcrumb\",\"itemListElement\":[{\"@type\":\"ListItem\",\"position\":1,\"name\":\"Portada\",\"item\":\"https:\\\/\\\/assetmanagementspain.com\\\/zh-hans\\\/\"},{\"@type\":\"ListItem\",\"position\":2,\"name\":\"\u6cd5\u5f8b\u8b66\u544a\"}]},{\"@type\":\"WebSite\",\"@id\":\"https:\\\/\\\/assetmanagementspain.com\\\/zh-hans\\\/#website\",\"url\":\"https:\\\/\\\/assetmanagementspain.com\\\/zh-hans\\\/\",\"name\":\"Asset Management Spain GestMadrid\",\"description\":\"Asesor\u00eda de empresas experta en la adquisici\u00f3n de activos inmobiliarios y de inversi\u00f3n Asset Management Spain GestMadrid\",\"publisher\":{\"@id\":\"https:\\\/\\\/assetmanagementspain.com\\\/zh-hans\\\/#organization\"},\"potentialAction\":[{\"@type\":\"SearchAction\",\"target\":{\"@type\":\"EntryPoint\",\"urlTemplate\":\"https:\\\/\\\/assetmanagementspain.com\\\/zh-hans\\\/?s={search_term_string}\"},\"query-input\":{\"@type\":\"PropertyValueSpecification\",\"valueRequired\":true,\"valueName\":\"search_term_string\"}}],\"inLanguage\":\"zh-Hans\"},{\"@type\":\"Organization\",\"@id\":\"https:\\\/\\\/assetmanagementspain.com\\\/zh-hans\\\/#organization\",\"name\":\"Asset Management Spain Gestmadrid\",\"url\":\"https:\\\/\\\/assetmanagementspain.com\\\/zh-hans\\\/\",\"logo\":{\"@type\":\"ImageObject\",\"inLanguage\":\"zh-Hans\",\"@id\":\"https:\\\/\\\/assetmanagementspain.com\\\/zh-hans\\\/#\\\/schema\\\/logo\\\/image\\\/\",\"url\":\"https:\\\/\\\/assetmanagementspain.com\\\/wp-content\\\/uploads\\\/2022\\\/06\\\/Logo-ASSET-MANAGEMENT-SPAIN.png\",\"contentUrl\":\"https:\\\/\\\/assetmanagementspain.com\\\/wp-content\\\/uploads\\\/2022\\\/06\\\/Logo-ASSET-MANAGEMENT-SPAIN.png\",\"width\":651,\"height\":322,\"caption\":\"Asset Management Spain Gestmadrid\"},\"image\":{\"@id\":\"https:\\\/\\\/assetmanagementspain.com\\\/zh-hans\\\/#\\\/schema\\\/logo\\\/image\\\/\"},\"sameAs\":[\"https:\\\/\\\/www.facebook.com\\\/assetmanagementspain\",\"https:\\\/\\\/x.com\\\/AMS_Gestmadrid\",\"https:\\\/\\\/www.linkedin.com\\\/company\\\/asset-management-spain-gestmadrid\\\/?original_referer=httpsassetmanagementspain.com\",\"https:\\\/\\\/www.instagram.com\\\/assetmanagementspain\\\/\"]}]}<\/script>\n<!-- \/ Yoast SEO plugin. -->","yoast_head_json":{"title":"\u6cd5\u5f8b\u8b66\u544a - Asset Management Spain GestMadrid","description":"\u6cd5\u5f8b\u58f0\u660e\uff1a\u7b26\u5408 7 \u6708 11 \u65e5\u5173\u4e8e\u4fe1\u606f\u793e\u4f1a\u548c\u7535\u5b50\u5546\u52a1 (LSSICE) \u670d\u52a1\u7684\u7b2c 34\/2002 \u53f7\u6cd5\u5f8b\u7b2c 10 \u6761","robots":{"index":"index","follow":"follow","max-snippet":"max-snippet:-1","max-image-preview":"max-image-preview:large","max-video-preview":"max-video-preview:-1"},"canonical":"https:\/\/assetmanagementspain.com\/zh-hans\/%e6%b3%95%e5%be%8b%e8%ad%a6%e5%91%8a\/","og_locale":"zh_CN","og_type":"article","og_title":"\u6cd5\u5f8b\u8b66\u544a - Asset Management Spain GestMadrid","og_description":"\u6cd5\u5f8b\u58f0\u660e\uff1a\u7b26\u5408 7 \u6708 11 \u65e5\u5173\u4e8e\u4fe1\u606f\u793e\u4f1a\u548c\u7535\u5b50\u5546\u52a1 (LSSICE) \u670d\u52a1\u7684\u7b2c 34\/2002 \u53f7\u6cd5\u5f8b\u7b2c 10 \u6761","og_url":"https:\/\/assetmanagementspain.com\/zh-hans\/%e6%b3%95%e5%be%8b%e8%ad%a6%e5%91%8a\/","og_site_name":"Asset Management Spain GestMadrid","article_publisher":"https:\/\/www.facebook.com\/assetmanagementspain","article_modified_time":"2022-08-22T15:29:13+00:00","twitter_card":"summary_large_image","twitter_site":"@AMS_Gestmadrid","schema":{"@context":"https:\/\/schema.org","@graph":[{"@type":"WebPage","@id":"https:\/\/assetmanagementspain.com\/zh-hans\/%e6%b3%95%e5%be%8b%e8%ad%a6%e5%91%8a\/","url":"https:\/\/assetmanagementspain.com\/zh-hans\/%e6%b3%95%e5%be%8b%e8%ad%a6%e5%91%8a\/","name":"\u6cd5\u5f8b\u8b66\u544a - Asset Management Spain GestMadrid","isPartOf":{"@id":"https:\/\/assetmanagementspain.com\/zh-hans\/#website"},"datePublished":"2022-04-01T10:11:21+00:00","dateModified":"2022-08-22T15:29:13+00:00","description":"\u6cd5\u5f8b\u58f0\u660e\uff1a\u7b26\u5408 7 \u6708 11 \u65e5\u5173\u4e8e\u4fe1\u606f\u793e\u4f1a\u548c\u7535\u5b50\u5546\u52a1 (LSSICE) \u670d\u52a1\u7684\u7b2c 34\/2002 \u53f7\u6cd5\u5f8b\u7b2c 10 \u6761","breadcrumb":{"@id":"https:\/\/assetmanagementspain.com\/zh-hans\/%e6%b3%95%e5%be%8b%e8%ad%a6%e5%91%8a\/#breadcrumb"},"inLanguage":"zh-Hans","potentialAction":[{"@type":"ReadAction","target":["https:\/\/assetmanagementspain.com\/zh-hans\/%e6%b3%95%e5%be%8b%e8%ad%a6%e5%91%8a\/"]}]},{"@type":"BreadcrumbList","@id":"https:\/\/assetmanagementspain.com\/zh-hans\/%e6%b3%95%e5%be%8b%e8%ad%a6%e5%91%8a\/#breadcrumb","itemListElement":[{"@type":"ListItem","position":1,"name":"Portada","item":"https:\/\/assetmanagementspain.com\/zh-hans\/"},{"@type":"ListItem","position":2,"name":"\u6cd5\u5f8b\u8b66\u544a"}]},{"@type":"WebSite","@id":"https:\/\/assetmanagementspain.com\/zh-hans\/#website","url":"https:\/\/assetmanagementspain.com\/zh-hans\/","name":"Asset Management Spain GestMadrid","description":"Asesor\u00eda de empresas experta en la adquisici\u00f3n de activos inmobiliarios y de inversi\u00f3n Asset Management Spain GestMadrid","publisher":{"@id":"https:\/\/assetmanagementspain.com\/zh-hans\/#organization"},"potentialAction":[{"@type":"SearchAction","target":{"@type":"EntryPoint","urlTemplate":"https:\/\/assetmanagementspain.com\/zh-hans\/?s={search_term_string}"},"query-input":{"@type":"PropertyValueSpecification","valueRequired":true,"valueName":"search_term_string"}}],"inLanguage":"zh-Hans"},{"@type":"Organization","@id":"https:\/\/assetmanagementspain.com\/zh-hans\/#organization","name":"Asset Management Spain Gestmadrid","url":"https:\/\/assetmanagementspain.com\/zh-hans\/","logo":{"@type":"ImageObject","inLanguage":"zh-Hans","@id":"https:\/\/assetmanagementspain.com\/zh-hans\/#\/schema\/logo\/image\/","url":"https:\/\/assetmanagementspain.com\/wp-content\/uploads\/2022\/06\/Logo-ASSET-MANAGEMENT-SPAIN.png","contentUrl":"https:\/\/assetmanagementspain.com\/wp-content\/uploads\/2022\/06\/Logo-ASSET-MANAGEMENT-SPAIN.png","width":651,"height":322,"caption":"Asset Management Spain Gestmadrid"},"image":{"@id":"https:\/\/assetmanagementspain.com\/zh-hans\/#\/schema\/logo\/image\/"},"sameAs":["https:\/\/www.facebook.com\/assetmanagementspain","https:\/\/x.com\/AMS_Gestmadrid","https:\/\/www.linkedin.com\/company\/asset-management-spain-gestmadrid\/?original_referer=httpsassetmanagementspain.com","https:\/\/www.instagram.com\/assetmanagementspain\/"]}]}},"_links":{"self":[{"href":"https:\/\/assetmanagementspain.com\/zh-hans\/wp-json\/wp\/v2\/pages\/987490523","targetHints":{"allow":["GET"]}}],"collection":[{"href":"https:\/\/assetmanagementspain.com\/zh-hans\/wp-json\/wp\/v2\/pages"}],"about":[{"href":"https:\/\/assetmanagementspain.com\/zh-hans\/wp-json\/wp\/v2\/types\/page"}],"author":[{"embeddable":true,"href":"https:\/\/assetmanagementspain.com\/zh-hans\/wp-json\/wp\/v2\/users\/1"}],"replies":[{"embeddable":true,"href":"https:\/\/assetmanagementspain.com\/zh-hans\/wp-json\/wp\/v2\/comments?post=987490523"}],"version-history":[{"count":2,"href":"https:\/\/assetmanagementspain.com\/zh-hans\/wp-json\/wp\/v2\/pages\/987490523\/revisions"}],"predecessor-version":[{"id":987490525,"href":"https:\/\/assetmanagementspain.com\/zh-hans\/wp-json\/wp\/v2\/pages\/987490523\/revisions\/987490525"}],"wp:attachment":[{"href":"https:\/\/assetmanagementspain.com\/zh-hans\/wp-json\/wp\/v2\/media?parent=987490523"}],"curies":[{"name":"wp","href":"https:\/\/api.w.org\/{rel}","templated":true}]}}