{"id":987489983,"date":"2022-04-01T12:18:45","date_gmt":"2022-04-01T10:18:45","guid":{"rendered":"https:\/\/assetmanagementspain.runna-digital.com\/privacy-policy\/"},"modified":"2022-08-03T19:24:32","modified_gmt":"2022-08-03T17:24:32","slug":"privacy-policy","status":"publish","type":"page","link":"https:\/\/assetmanagementspain.com\/en\/privacy-policy\/","title":{"rendered":"Privacy Policy"},"content":{"rendered":"<p>[et_pb_section fb_built=&#8221;1&#8243; admin_label=&#8221;CTA&#8221; _builder_version=&#8221;4.16&#8243; background_color=&#8221;#263142&#8243; background_image=&#8221;https:\/\/assetmanagementspain.com\/wp-content\/uploads\/2022\/04\/financial-advisor-24.png&#8221; locked=&#8221;off&#8221; global_colors_info=&#8221;{}&#8221;][et_pb_row _builder_version=&#8221;4.16&#8243; global_colors_info=&#8221;{}&#8221;][et_pb_column type=&#8221;4_4&#8243; _builder_version=&#8221;4.16&#8243; global_colors_info=&#8221;{}&#8221;][\/et_pb_column][\/et_pb_row][\/et_pb_section][et_pb_section fb_built=&#8221;1&#8243; admin_label=&#8221;Features&#8221; _builder_version=&#8221;4.16&#8243; background_color=&#8221;#263142&#8243; locked=&#8221;off&#8221; global_colors_info=&#8221;{}&#8221;][et_pb_row _builder_version=&#8221;4.16&#8243; global_colors_info=&#8221;{}&#8221;][et_pb_column type=&#8221;4_4&#8243; _builder_version=&#8221;4.16&#8243; global_colors_info=&#8221;{}&#8221;][et_pb_text _builder_version=&#8221;4.16.0&#8243; text_text_color=&#8221;#ffffff&#8221; header_text_color=&#8221;gcid-aefeed16-5a4b-4c2f-a7e2-a17ec4351cda&#8221; background_size=&#8221;initial&#8221; background_position=&#8221;top_left&#8221; background_repeat=&#8221;repeat&#8221; global_colors_info=&#8221;{%22gcid-aefeed16-5a4b-4c2f-a7e2-a17ec4351cda%22:%91%22header_text_color%22%93}&#8221;]<\/p>\n<div class=\"et_pb_column et_pb_column_4_4 et_pb_column_0 et_pb_css_mix_blend_mode_passthrough et-last-child\">\n<div class=\"et_pb_module et_pb_text et_pb_text_0 et_pb_text_align_left et_pb_bg_layout_light\">\n<div class=\"et_pb_text_inner\">\n<h1 class=\"entry-title main_title\">Privacy Policy<\/h1>\n<div class=\"entry-content\">\n<p>Asset Management Spain, wishes to inform the users, clients and subscribers of its web page, the policy carried out regarding the treatment and protection of the personal data of those people who voluntarily use the contact emails to contract or contact Asset Management Spain, any of the services offered on the web, which involve the communication of your personal data to Asset Management Spain.<\/p>\n<ol>\n<li>Identification of the person responsible for the file<\/li>\n<\/ol>\n<p>Asset Management Spain informs its clients and\/or users of its website of the existence of an automated personal data file called Clients, whose controller is Asset Management Spain, with registered office at Calle Villanueva 29, 28001, Madrid, Spain, where the personal data that the user and\/or client communicate to Asset Management Spain is collected and stored.<\/p>\n<ol start=\"2\">\n<li>Policy update<\/li>\n<\/ol>\n<p>Asset Management Spain will modify, without prior notice, this privacy policy whenever necessary to adapt it to any legislative, regulatory, jurisprudential, administrative change or for the purpose of adapting said policy to the instructions issued by the Agency of Data Protection or legitimate object of Asset Management Spain. Any modification of this policy notwithstanding the foregoing, will be published and notified on the Asset Management Spain website and in the policy itself. For all of the above, Asset Management Spain recommends users to periodically read these policies in order to be able to know the changes that are made to them.<\/p>\n<ol start=\"3\">\n<li>Purpose of the file<\/li>\n<\/ol>\n<p>The communication of personal data by the user to Asset Management Spain through its website can only be understood to take place when they voluntarily contact Asset Management Spain via mail, since in these cases the treatment of the data is unavoidable and implicit to the system. For this reason, the entity informs the client and\/or subscriber that the processing of the data is carried out with the following purposes: Carry out all the procedures related to the preparation of budgets, contracting and provision of services of Asset Management Spain as well as, for sending the subscription chosen by the user to the company to which it belongs or, where appropriate, to the interested party who requests it. As well as attending and answering the communications received and the maintenance of historical commercial relations.<\/p>\n<ol start=\"4\">\n<li>Consent<\/li>\n<\/ol>\n<p>Asset Management Spain informs that this privacy policy contains all aspects related to the processing of personal data that Asset Management Spain carries out as responsible for it. Thus, it is reported that when the user does not maintain commercial relations with Asset Management Spain and sends an email or a communication to Asset Management Spain through the forms made available to make this type of query, located on the web <a href=\"https:\/\/assetmanagementspain.com\/en\/\">https:\/\/assetmanagementspain.com<\/a>, indicating other personal data, said user, by checking the corresponding box, will be giving their Free, unequivocal, specific, informed and express consent for the processing of your personal data by Asset Management Spain for the purposes established above, as well as attending to your communication or sending documentation. For the same purposes, Asset Management Spain informs that, if the client and\/or subscriber sends an email or communicates their personal data to Asset Management Spain due to their position in a company -whether as administrator, manager, representative and\/or any other position as a contact person in the company-, it will be understood that such communication entails the provision of your free, unequivocal, specific, informed and express consent for the processing of your personal data by Asset Management Spain for the established purposes. above, as well as attend to your communication or send documentation, as long as you have checked the corresponding box.<\/p>\n<ol start=\"5\">\n<li>Identification of the recipients with respect to whom Asset Management Spain plans to transfer or access data on behalf of third parties.<\/li>\n<\/ol>\n<p>Asset Management Spain only plans to make assignments or data communications that it must make to meet its obligations.[\/et_pb_text][\/et_pb_column][\/et_pb_row][et_pb_row admin_label=&#8221;Row&#8221; _builder_version=&#8221;4.16&#8243; positioning=&#8221;absolute&#8221; position_origin_a=&#8221;center_center&#8221; position_origin_a_tablet=&#8221;&#8221; position_origin_a_phone=&#8221;&#8221; position_origin_a_last_edited=&#8221;on|phone&#8221; position_origin_f_tablet=&#8221;&#8221; position_origin_f_phone=&#8221;&#8221; position_origin_f_last_edited=&#8221;on|phone&#8221; position_origin_r_tablet=&#8221;&#8221; position_origin_r_phone=&#8221;&#8221; position_origin_r_last_edited=&#8221;on|phone&#8221; max_width=&#8221;none&#8221; positioning_tablet=&#8221;relative&#8221; positioning_phone=&#8221;&#8221; positioning_last_edited=&#8221;on|tablet&#8221; global_colors_info=&#8221;{}&#8221;][et_pb_column type=&#8221;4_4&#8243; _builder_version=&#8221;4.16&#8243; global_colors_info=&#8221;{}&#8221;][et_pb_text _builder_version=&#8221;4.16&#8243; text_font=&#8221;Darker Grotesque|900|||||||&#8221; text_text_color=&#8221;rgba(221,204,184,0.08)&#8221; text_font_size=&#8221;20vw&#8221; text_line_height=&#8221;0.8em&#8221; scroll_vertical_motion_enable=&#8221;on&#8221; scroll_vertical_motion=&#8221;0|50|50|100|2|0|-2&#8243; scroll_vertical_motion_tablet=&#8221;&#8221; scroll_vertical_motion_phone=&#8221;0|50|50|100|0|0|0&#8243; scroll_vertical_motion_last_edited=&#8221;on|phone&#8221; global_colors_info=&#8221;{}&#8221;]<\/p>\n<p>Privacy Policy<\/p>\n<p>[\/et_pb_text][\/et_pb_column][\/et_pb_row][\/et_pb_section][et_pb_section fb_built=&#8221;1&#8243; admin_label=&#8221;CTA&#8221; _builder_version=&#8221;4.16&#8243; background_color=&#8221;#263142&#8243; background_image=&#8221;https:\/\/assetmanagementspain.com\/wp-content\/uploads\/2022\/04\/financial-advisor-24.png&#8221; locked=&#8221;off&#8221; global_colors_info=&#8221;{}&#8221;][et_pb_row _builder_version=&#8221;4.16&#8243; custom_margin=&#8221;|auto|4px|auto||&#8221; global_colors_info=&#8221;{}&#8221;][et_pb_column type=&#8221;4_4&#8243; _builder_version=&#8221;4.16&#8243; global_colors_info=&#8221;{}&#8221;][\/et_pb_column][\/et_pb_row][\/et_pb_section]<\/p>\n","protected":false},"excerpt":{"rendered":"<p>Privacy Policy Asset Management Spain, wishes to inform the users, clients and subscribers of its web page, the policy carried out regarding the treatment and protection of the personal data of those people who voluntarily use the contact emails to contract or contact Asset Management Spain, any of the services offered on the web, which [&hellip;]<\/p>\n","protected":false},"author":1,"featured_media":0,"parent":0,"menu_order":0,"comment_status":"closed","ping_status":"closed","template":"","meta":{"_et_pb_use_builder":"on","_et_pb_old_content":"","_et_gb_content_width":"","footnotes":""},"class_list":["post-987489983","page","type-page","status-publish","hentry"],"yoast_head":"<!-- This site is optimized with the Yoast SEO plugin v27.4 - https:\/\/yoast.com\/product\/yoast-seo-wordpress\/ -->\n<title>Privacy Policy - Asset Management Spain GestMadrid<\/title>\n<meta name=\"robots\" content=\"index, follow, max-snippet:-1, max-image-preview:large, max-video-preview:-1\" \/>\n<link rel=\"canonical\" href=\"https:\/\/assetmanagementspain.com\/en\/privacy-policy\/\" \/>\n<meta property=\"og:locale\" content=\"en_US\" \/>\n<meta property=\"og:type\" content=\"article\" \/>\n<meta property=\"og:title\" content=\"Privacy Policy - Asset Management Spain GestMadrid\" \/>\n<meta property=\"og:description\" content=\"Privacy Policy Asset Management Spain, wishes to inform the users, clients and subscribers of its web page, the policy carried out regarding the treatment and protection of the personal data of those people who voluntarily use the contact emails to contract or contact Asset Management Spain, any of the services offered on the web, which [&hellip;]\" \/>\n<meta property=\"og:url\" content=\"https:\/\/assetmanagementspain.com\/en\/privacy-policy\/\" \/>\n<meta property=\"og:site_name\" content=\"Asset Management Spain GestMadrid\" \/>\n<meta property=\"article:publisher\" content=\"https:\/\/www.facebook.com\/assetmanagementspain\" \/>\n<meta property=\"article:modified_time\" content=\"2022-08-03T17:24:32+00:00\" \/>\n<meta name=\"twitter:card\" content=\"summary_large_image\" \/>\n<meta name=\"twitter:site\" content=\"@AMS_Gestmadrid\" \/>\n<script type=\"application\/ld+json\" class=\"yoast-schema-graph\">{\"@context\":\"https:\\\/\\\/schema.org\",\"@graph\":[{\"@type\":\"WebPage\",\"@id\":\"https:\\\/\\\/assetmanagementspain.com\\\/en\\\/privacy-policy\\\/\",\"url\":\"https:\\\/\\\/assetmanagementspain.com\\\/en\\\/privacy-policy\\\/\",\"name\":\"Privacy Policy - Asset Management Spain GestMadrid\",\"isPartOf\":{\"@id\":\"https:\\\/\\\/assetmanagementspain.com\\\/en\\\/#website\"},\"datePublished\":\"2022-04-01T10:18:45+00:00\",\"dateModified\":\"2022-08-03T17:24:32+00:00\",\"breadcrumb\":{\"@id\":\"https:\\\/\\\/assetmanagementspain.com\\\/en\\\/privacy-policy\\\/#breadcrumb\"},\"inLanguage\":\"en-US\",\"potentialAction\":[{\"@type\":\"ReadAction\",\"target\":[\"https:\\\/\\\/assetmanagementspain.com\\\/en\\\/privacy-policy\\\/\"]}]},{\"@type\":\"BreadcrumbList\",\"@id\":\"https:\\\/\\\/assetmanagementspain.com\\\/en\\\/privacy-policy\\\/#breadcrumb\",\"itemListElement\":[{\"@type\":\"ListItem\",\"position\":1,\"name\":\"Portada\",\"item\":\"https:\\\/\\\/assetmanagementspain.com\\\/en\\\/\"},{\"@type\":\"ListItem\",\"position\":2,\"name\":\"Privacy Policy\"}]},{\"@type\":\"WebSite\",\"@id\":\"https:\\\/\\\/assetmanagementspain.com\\\/en\\\/#website\",\"url\":\"https:\\\/\\\/assetmanagementspain.com\\\/en\\\/\",\"name\":\"Asset Management Spain GestMadrid\",\"description\":\"Asesor\u00eda de empresas experta en la adquisici\u00f3n de activos inmobiliarios y de inversi\u00f3n Asset Management Spain GestMadrid\",\"publisher\":{\"@id\":\"https:\\\/\\\/assetmanagementspain.com\\\/en\\\/#organization\"},\"potentialAction\":[{\"@type\":\"SearchAction\",\"target\":{\"@type\":\"EntryPoint\",\"urlTemplate\":\"https:\\\/\\\/assetmanagementspain.com\\\/en\\\/?s={search_term_string}\"},\"query-input\":{\"@type\":\"PropertyValueSpecification\",\"valueRequired\":true,\"valueName\":\"search_term_string\"}}],\"inLanguage\":\"en-US\"},{\"@type\":\"Organization\",\"@id\":\"https:\\\/\\\/assetmanagementspain.com\\\/en\\\/#organization\",\"name\":\"Asset Management Spain Gestmadrid\",\"url\":\"https:\\\/\\\/assetmanagementspain.com\\\/en\\\/\",\"logo\":{\"@type\":\"ImageObject\",\"inLanguage\":\"en-US\",\"@id\":\"https:\\\/\\\/assetmanagementspain.com\\\/en\\\/#\\\/schema\\\/logo\\\/image\\\/\",\"url\":\"https:\\\/\\\/assetmanagementspain.com\\\/wp-content\\\/uploads\\\/2022\\\/06\\\/Logo-ASSET-MANAGEMENT-SPAIN.png\",\"contentUrl\":\"https:\\\/\\\/assetmanagementspain.com\\\/wp-content\\\/uploads\\\/2022\\\/06\\\/Logo-ASSET-MANAGEMENT-SPAIN.png\",\"width\":651,\"height\":322,\"caption\":\"Asset Management Spain Gestmadrid\"},\"image\":{\"@id\":\"https:\\\/\\\/assetmanagementspain.com\\\/en\\\/#\\\/schema\\\/logo\\\/image\\\/\"},\"sameAs\":[\"https:\\\/\\\/www.facebook.com\\\/assetmanagementspain\",\"https:\\\/\\\/x.com\\\/AMS_Gestmadrid\",\"https:\\\/\\\/www.linkedin.com\\\/company\\\/asset-management-spain-gestmadrid\\\/?original_referer=httpsassetmanagementspain.com\",\"https:\\\/\\\/www.instagram.com\\\/assetmanagementspain\\\/\"]}]}<\/script>\n<!-- \/ Yoast SEO plugin. -->","yoast_head_json":{"title":"Privacy Policy - Asset Management Spain GestMadrid","robots":{"index":"index","follow":"follow","max-snippet":"max-snippet:-1","max-image-preview":"max-image-preview:large","max-video-preview":"max-video-preview:-1"},"canonical":"https:\/\/assetmanagementspain.com\/en\/privacy-policy\/","og_locale":"en_US","og_type":"article","og_title":"Privacy Policy - Asset Management Spain GestMadrid","og_description":"Privacy Policy Asset Management Spain, wishes to inform the users, clients and subscribers of its web page, the policy carried out regarding the treatment and protection of the personal data of those people who voluntarily use the contact emails to contract or contact Asset Management Spain, any of the services offered on the web, which [&hellip;]","og_url":"https:\/\/assetmanagementspain.com\/en\/privacy-policy\/","og_site_name":"Asset Management Spain GestMadrid","article_publisher":"https:\/\/www.facebook.com\/assetmanagementspain","article_modified_time":"2022-08-03T17:24:32+00:00","twitter_card":"summary_large_image","twitter_site":"@AMS_Gestmadrid","schema":{"@context":"https:\/\/schema.org","@graph":[{"@type":"WebPage","@id":"https:\/\/assetmanagementspain.com\/en\/privacy-policy\/","url":"https:\/\/assetmanagementspain.com\/en\/privacy-policy\/","name":"Privacy Policy - Asset Management Spain GestMadrid","isPartOf":{"@id":"https:\/\/assetmanagementspain.com\/en\/#website"},"datePublished":"2022-04-01T10:18:45+00:00","dateModified":"2022-08-03T17:24:32+00:00","breadcrumb":{"@id":"https:\/\/assetmanagementspain.com\/en\/privacy-policy\/#breadcrumb"},"inLanguage":"en-US","potentialAction":[{"@type":"ReadAction","target":["https:\/\/assetmanagementspain.com\/en\/privacy-policy\/"]}]},{"@type":"BreadcrumbList","@id":"https:\/\/assetmanagementspain.com\/en\/privacy-policy\/#breadcrumb","itemListElement":[{"@type":"ListItem","position":1,"name":"Portada","item":"https:\/\/assetmanagementspain.com\/en\/"},{"@type":"ListItem","position":2,"name":"Privacy Policy"}]},{"@type":"WebSite","@id":"https:\/\/assetmanagementspain.com\/en\/#website","url":"https:\/\/assetmanagementspain.com\/en\/","name":"Asset Management Spain GestMadrid","description":"Asesor\u00eda de empresas experta en la adquisici\u00f3n de activos inmobiliarios y de inversi\u00f3n Asset Management Spain GestMadrid","publisher":{"@id":"https:\/\/assetmanagementspain.com\/en\/#organization"},"potentialAction":[{"@type":"SearchAction","target":{"@type":"EntryPoint","urlTemplate":"https:\/\/assetmanagementspain.com\/en\/?s={search_term_string}"},"query-input":{"@type":"PropertyValueSpecification","valueRequired":true,"valueName":"search_term_string"}}],"inLanguage":"en-US"},{"@type":"Organization","@id":"https:\/\/assetmanagementspain.com\/en\/#organization","name":"Asset Management Spain Gestmadrid","url":"https:\/\/assetmanagementspain.com\/en\/","logo":{"@type":"ImageObject","inLanguage":"en-US","@id":"https:\/\/assetmanagementspain.com\/en\/#\/schema\/logo\/image\/","url":"https:\/\/assetmanagementspain.com\/wp-content\/uploads\/2022\/06\/Logo-ASSET-MANAGEMENT-SPAIN.png","contentUrl":"https:\/\/assetmanagementspain.com\/wp-content\/uploads\/2022\/06\/Logo-ASSET-MANAGEMENT-SPAIN.png","width":651,"height":322,"caption":"Asset Management Spain Gestmadrid"},"image":{"@id":"https:\/\/assetmanagementspain.com\/en\/#\/schema\/logo\/image\/"},"sameAs":["https:\/\/www.facebook.com\/assetmanagementspain","https:\/\/x.com\/AMS_Gestmadrid","https:\/\/www.linkedin.com\/company\/asset-management-spain-gestmadrid\/?original_referer=httpsassetmanagementspain.com","https:\/\/www.instagram.com\/assetmanagementspain\/"]}]}},"_links":{"self":[{"href":"https:\/\/assetmanagementspain.com\/en\/wp-json\/wp\/v2\/pages\/987489983","targetHints":{"allow":["GET"]}}],"collection":[{"href":"https:\/\/assetmanagementspain.com\/en\/wp-json\/wp\/v2\/pages"}],"about":[{"href":"https:\/\/assetmanagementspain.com\/en\/wp-json\/wp\/v2\/types\/page"}],"author":[{"embeddable":true,"href":"https:\/\/assetmanagementspain.com\/en\/wp-json\/wp\/v2\/users\/1"}],"replies":[{"embeddable":true,"href":"https:\/\/assetmanagementspain.com\/en\/wp-json\/wp\/v2\/comments?post=987489983"}],"version-history":[{"count":2,"href":"https:\/\/assetmanagementspain.com\/en\/wp-json\/wp\/v2\/pages\/987489983\/revisions"}],"predecessor-version":[{"id":987489985,"href":"https:\/\/assetmanagementspain.com\/en\/wp-json\/wp\/v2\/pages\/987489983\/revisions\/987489985"}],"wp:attachment":[{"href":"https:\/\/assetmanagementspain.com\/en\/wp-json\/wp\/v2\/media?parent=987489983"}],"curies":[{"name":"wp","href":"https:\/\/api.w.org\/{rel}","templated":true}]}}