{"id":987489944,"date":"2022-04-01T12:11:21","date_gmt":"2022-04-01T10:11:21","guid":{"rendered":"https:\/\/assetmanagementspain.runna-digital.com\/legal-warning\/"},"modified":"2022-08-03T15:29:10","modified_gmt":"2022-08-03T13:29:10","slug":"legal-warning","status":"publish","type":"page","link":"https:\/\/assetmanagementspain.com\/en\/legal-warning\/","title":{"rendered":"Legal warning"},"content":{"rendered":"<p>[et_pb_section fb_built=&#8221;1&#8243; admin_label=&#8221;CTA&#8221; _builder_version=&#8221;4.16&#8243; background_color=&#8221;#263142&#8243; background_image=&#8221;https:\/\/assetmanagementspain.com\/wp-content\/uploads\/2022\/04\/financial-advisor-24.png&#8221; locked=&#8221;off&#8221; collapsed=&#8221;on&#8221; global_colors_info=&#8221;{}&#8221;][et_pb_row _builder_version=&#8221;4.16&#8243; global_colors_info=&#8221;{}&#8221;][et_pb_column type=&#8221;4_4&#8243; _builder_version=&#8221;4.16&#8243; global_colors_info=&#8221;{}&#8221;][\/et_pb_column][\/et_pb_row][\/et_pb_section][et_pb_section fb_built=&#8221;1&#8243; admin_label=&#8221;Features&#8221; _builder_version=&#8221;4.16&#8243; background_color=&#8221;#263142&#8243; locked=&#8221;off&#8221; collapsed=&#8221;on&#8221; global_colors_info=&#8221;{}&#8221;][et_pb_row _builder_version=&#8221;4.16&#8243; custom_padding=&#8221;27px|||||&#8221; global_colors_info=&#8221;{}&#8221;][et_pb_column type=&#8221;4_4&#8243; _builder_version=&#8221;4.16&#8243; global_colors_info=&#8221;{}&#8221;][et_pb_text _builder_version=&#8221;4.16.0&#8243; text_text_color=&#8221;#ffffff&#8221; header_text_color=&#8221;gcid-aefeed16-5a4b-4c2f-a7e2-a17ec4351cda&#8221; background_size=&#8221;initial&#8221; background_position=&#8221;top_left&#8221; background_repeat=&#8221;repeat&#8221; global_colors_info=&#8221;{%22gcid-aefeed16-5a4b-4c2f-a7e2-a17ec4351cda%22:%91%22header_text_color%22%93}&#8221;]<\/p>\n<div class=\"et_pb_column et_pb_column_4_4 et_pb_column_0 et_pb_css_mix_blend_mode_passthrough et-last-child\">\n<div class=\"et_pb_module et_pb_text et_pb_text_0 et_pb_text_align_left et_pb_bg_layout_light\">\n<div class=\"et_pb_text_inner\">\n<h1>Legal Notice<\/h1>\n<p>In compliance with article 10 of Law 34\/2002, of July 11, on services of the Information Society and Electronic Commerce (LSSICE), the identification data of the company are set out below.<\/p>\n<p><strong>Denomination:<\/strong><\/p>\n<p>Asset Management UK<\/p>\n<p><strong>Registered address:<\/strong><\/p>\n<p>29 Villanueva Street,<\/p>\n<p>28001,<\/p>\n<p>Madrid,<\/p>\n<p>Spain<\/p>\n<p><strong>Email:<\/strong><\/p>\n<p><span style=\"color: #ffffff;\"><a href=\"mailto:info@gestmadrid.com\" style=\"color: #ffffff;\">info@gestmadrid.com<\/a><\/span ><\/p>\n<p><strong>Phones:<\/strong><\/p>\n<p>+34 919 991 009<\/p>\n<p>This website has been created by Asset Management Spain for informational purposes. Through this Legal Notice, it is intended to regulate the access and use of this website, as well as the relationship between the website and its users. By accessing this website, the following terms and conditions are accepted: access to this website is the exclusive responsibility of the users.<\/p>\n<p>Simple access to this website does not imply any type of commercial relationship between Asset Management Spain and the user.<\/p>\n<p>Accessing and browsing this website implies acceptance and knowledge of the legal warnings, conditions and terms of use contained therein.<\/p>\n<p>The owner of the website can offer services or products that may be subject to their own particular conditions that, depending on the case, replace, complete and\/or modify these conditions, and about which the user will be informed in each case. concrete.<\/p>\n<\/div>\n<\/div>\n<\/div>\n<p>[\/et_pb_text][\/et_pb_column][\/et_pb_row][et_pb_row admin_label=&#8221;Row&#8221; _builder_version=&#8221;4.16&#8243; positioning=&#8221;absolute&#8221; position_origin_a=&#8221;center_center&#8221; position_origin_a_tablet=&#8221;&#8221; position_origin_a_phone=&#8221;&#8221; position_origin_a_last_edited=&#8221;on|phone&#8221; position_origin_f_tablet=&#8221;&#8221; position_origin_f_phone=&#8221;&#8221; position_origin_f_last_edited=&#8221;on|phone&#8221; position_origin_r_tablet=&#8221;&#8221; position_origin_r_phone=&#8221;&#8221; position_origin_r_last_edited=&#8221;on|phone&#8221; max_width=&#8221;none&#8221; positioning_tablet=&#8221;relative&#8221; positioning_phone=&#8221;&#8221; positioning_last_edited=&#8221;on|tablet&#8221; global_colors_info=&#8221;{}&#8221;][et_pb_column type=&#8221;4_4&#8243; _builder_version=&#8221;4.16&#8243; global_colors_info=&#8221;{}&#8221;][et_pb_text _builder_version=&#8221;4.16&#8243; text_font=&#8221;Darker Grotesque|900|||||||&#8221; text_text_color=&#8221;rgba(221,204,184,0.08)&#8221; text_font_size=&#8221;20vw&#8221; text_line_height=&#8221;0.8em&#8221; scroll_vertical_motion_enable=&#8221;on&#8221; scroll_vertical_motion=&#8221;0|50|50|100|2|0|-2&#8243; scroll_vertical_motion_tablet=&#8221;&#8221; scroll_vertical_motion_phone=&#8221;0|50|50|100|0|0|0&#8243; scroll_vertical_motion_last_edited=&#8221;on|phone&#8221; global_colors_info=&#8221;{}&#8221;]<\/p>\n<p>Legal Notice<\/p>\n<p>[\/et_pb_text][\/et_pb_column][\/et_pb_row][\/et_pb_section][et_pb_section fb_built=&#8221;1&#8243; admin_label=&#8221;CTA&#8221; _builder_version=&#8221;4.16&#8243; background_color=&#8221;#263142&#8243; background_image=&#8221;https:\/\/assetmanagementspain.com\/wp-content\/uploads\/2022\/04\/financial-advisor-24.png&#8221; locked=&#8221;off&#8221; collapsed=&#8221;on&#8221; global_colors_info=&#8221;{}&#8221;][et_pb_row _builder_version=&#8221;4.16&#8243; global_colors_info=&#8221;{}&#8221;][et_pb_column type=&#8221;4_4&#8243; _builder_version=&#8221;4.16&#8243; global_colors_info=&#8221;{}&#8221;][\/et_pb_column][\/et_pb_row][\/et_pb_section]<\/p>\n","protected":false},"excerpt":{"rendered":"<p>Legal Notice In compliance with article 10 of Law 34\/2002, of July 11, on services of the Information Society and Electronic Commerce (LSSICE), the identification data of the company are set out below. Denomination: Asset Management UK Registered address: 29 Villanueva Street, 28001, Madrid, Spain Email: info@gestmadrid.com Phones: +34 919 991 009 This website has [&hellip;]<\/p>\n","protected":false},"author":1,"featured_media":0,"parent":0,"menu_order":0,"comment_status":"closed","ping_status":"closed","template":"","meta":{"_et_pb_use_builder":"on","_et_pb_old_content":"","_et_gb_content_width":"","footnotes":""},"class_list":["post-987489944","page","type-page","status-publish","hentry"],"yoast_head":"<!-- This site is optimized with the Yoast SEO plugin v27.5 - https:\/\/yoast.com\/product\/yoast-seo-wordpress\/ -->\n<title>Legal warning - Asset Management Spain GestMadrid<\/title>\n<meta name=\"description\" content=\"Legal Notice: In compliance with article 10 of Law 34\/2002, of July 11, on services of the Information Society and Electronic Commerce (LSSICE)\" \/>\n<meta name=\"robots\" content=\"index, follow, max-snippet:-1, max-image-preview:large, max-video-preview:-1\" \/>\n<link rel=\"canonical\" href=\"https:\/\/assetmanagementspain.com\/en\/legal-warning\/\" \/>\n<meta property=\"og:locale\" content=\"en_US\" \/>\n<meta property=\"og:type\" content=\"article\" \/>\n<meta property=\"og:title\" content=\"Legal warning - Asset Management Spain GestMadrid\" \/>\n<meta property=\"og:description\" content=\"Legal Notice: In compliance with article 10 of Law 34\/2002, of July 11, on services of the Information Society and Electronic Commerce (LSSICE)\" \/>\n<meta property=\"og:url\" content=\"https:\/\/assetmanagementspain.com\/en\/legal-warning\/\" \/>\n<meta property=\"og:site_name\" content=\"Asset Management Spain GestMadrid\" \/>\n<meta property=\"article:publisher\" content=\"https:\/\/www.facebook.com\/assetmanagementspain\" \/>\n<meta property=\"article:modified_time\" content=\"2022-08-03T13:29:10+00:00\" \/>\n<meta name=\"twitter:card\" content=\"summary_large_image\" \/>\n<meta name=\"twitter:site\" content=\"@AMS_Gestmadrid\" \/>\n<script type=\"application\/ld+json\" class=\"yoast-schema-graph\">{\"@context\":\"https:\\\/\\\/schema.org\",\"@graph\":[{\"@type\":\"WebPage\",\"@id\":\"https:\\\/\\\/assetmanagementspain.com\\\/en\\\/legal-warning\\\/\",\"url\":\"https:\\\/\\\/assetmanagementspain.com\\\/en\\\/legal-warning\\\/\",\"name\":\"Legal warning - Asset Management Spain GestMadrid\",\"isPartOf\":{\"@id\":\"https:\\\/\\\/assetmanagementspain.com\\\/en\\\/#website\"},\"datePublished\":\"2022-04-01T10:11:21+00:00\",\"dateModified\":\"2022-08-03T13:29:10+00:00\",\"description\":\"Legal Notice: In compliance with article 10 of Law 34\\\/2002, of July 11, on services of the Information Society and Electronic Commerce (LSSICE)\",\"breadcrumb\":{\"@id\":\"https:\\\/\\\/assetmanagementspain.com\\\/en\\\/legal-warning\\\/#breadcrumb\"},\"inLanguage\":\"en-US\",\"potentialAction\":[{\"@type\":\"ReadAction\",\"target\":[\"https:\\\/\\\/assetmanagementspain.com\\\/en\\\/legal-warning\\\/\"]}]},{\"@type\":\"BreadcrumbList\",\"@id\":\"https:\\\/\\\/assetmanagementspain.com\\\/en\\\/legal-warning\\\/#breadcrumb\",\"itemListElement\":[{\"@type\":\"ListItem\",\"position\":1,\"name\":\"Portada\",\"item\":\"https:\\\/\\\/assetmanagementspain.com\\\/en\\\/\"},{\"@type\":\"ListItem\",\"position\":2,\"name\":\"Legal warning\"}]},{\"@type\":\"WebSite\",\"@id\":\"https:\\\/\\\/assetmanagementspain.com\\\/en\\\/#website\",\"url\":\"https:\\\/\\\/assetmanagementspain.com\\\/en\\\/\",\"name\":\"Asset Management Spain GestMadrid\",\"description\":\"Asesor\u00eda de empresas experta en la adquisici\u00f3n de activos inmobiliarios y de inversi\u00f3n Asset Management Spain GestMadrid\",\"publisher\":{\"@id\":\"https:\\\/\\\/assetmanagementspain.com\\\/en\\\/#organization\"},\"potentialAction\":[{\"@type\":\"SearchAction\",\"target\":{\"@type\":\"EntryPoint\",\"urlTemplate\":\"https:\\\/\\\/assetmanagementspain.com\\\/en\\\/?s={search_term_string}\"},\"query-input\":{\"@type\":\"PropertyValueSpecification\",\"valueRequired\":true,\"valueName\":\"search_term_string\"}}],\"inLanguage\":\"en-US\"},{\"@type\":\"Organization\",\"@id\":\"https:\\\/\\\/assetmanagementspain.com\\\/en\\\/#organization\",\"name\":\"Asset Management Spain Gestmadrid\",\"url\":\"https:\\\/\\\/assetmanagementspain.com\\\/en\\\/\",\"logo\":{\"@type\":\"ImageObject\",\"inLanguage\":\"en-US\",\"@id\":\"https:\\\/\\\/assetmanagementspain.com\\\/en\\\/#\\\/schema\\\/logo\\\/image\\\/\",\"url\":\"https:\\\/\\\/assetmanagementspain.com\\\/wp-content\\\/uploads\\\/2022\\\/06\\\/Logo-ASSET-MANAGEMENT-SPAIN.png\",\"contentUrl\":\"https:\\\/\\\/assetmanagementspain.com\\\/wp-content\\\/uploads\\\/2022\\\/06\\\/Logo-ASSET-MANAGEMENT-SPAIN.png\",\"width\":651,\"height\":322,\"caption\":\"Asset Management Spain Gestmadrid\"},\"image\":{\"@id\":\"https:\\\/\\\/assetmanagementspain.com\\\/en\\\/#\\\/schema\\\/logo\\\/image\\\/\"},\"sameAs\":[\"https:\\\/\\\/www.facebook.com\\\/assetmanagementspain\",\"https:\\\/\\\/x.com\\\/AMS_Gestmadrid\",\"https:\\\/\\\/www.linkedin.com\\\/company\\\/asset-management-spain-gestmadrid\\\/?original_referer=httpsassetmanagementspain.com\",\"https:\\\/\\\/www.instagram.com\\\/assetmanagementspain\\\/\"]}]}<\/script>\n<!-- \/ Yoast SEO plugin. -->","yoast_head_json":{"title":"Legal warning - Asset Management Spain GestMadrid","description":"Legal Notice: In compliance with article 10 of Law 34\/2002, of July 11, on services of the Information Society and Electronic Commerce (LSSICE)","robots":{"index":"index","follow":"follow","max-snippet":"max-snippet:-1","max-image-preview":"max-image-preview:large","max-video-preview":"max-video-preview:-1"},"canonical":"https:\/\/assetmanagementspain.com\/en\/legal-warning\/","og_locale":"en_US","og_type":"article","og_title":"Legal warning - Asset Management Spain GestMadrid","og_description":"Legal Notice: In compliance with article 10 of Law 34\/2002, of July 11, on services of the Information Society and Electronic Commerce (LSSICE)","og_url":"https:\/\/assetmanagementspain.com\/en\/legal-warning\/","og_site_name":"Asset Management Spain GestMadrid","article_publisher":"https:\/\/www.facebook.com\/assetmanagementspain","article_modified_time":"2022-08-03T13:29:10+00:00","twitter_card":"summary_large_image","twitter_site":"@AMS_Gestmadrid","schema":{"@context":"https:\/\/schema.org","@graph":[{"@type":"WebPage","@id":"https:\/\/assetmanagementspain.com\/en\/legal-warning\/","url":"https:\/\/assetmanagementspain.com\/en\/legal-warning\/","name":"Legal warning - Asset Management Spain GestMadrid","isPartOf":{"@id":"https:\/\/assetmanagementspain.com\/en\/#website"},"datePublished":"2022-04-01T10:11:21+00:00","dateModified":"2022-08-03T13:29:10+00:00","description":"Legal Notice: In compliance with article 10 of Law 34\/2002, of July 11, on services of the Information Society and Electronic Commerce (LSSICE)","breadcrumb":{"@id":"https:\/\/assetmanagementspain.com\/en\/legal-warning\/#breadcrumb"},"inLanguage":"en-US","potentialAction":[{"@type":"ReadAction","target":["https:\/\/assetmanagementspain.com\/en\/legal-warning\/"]}]},{"@type":"BreadcrumbList","@id":"https:\/\/assetmanagementspain.com\/en\/legal-warning\/#breadcrumb","itemListElement":[{"@type":"ListItem","position":1,"name":"Portada","item":"https:\/\/assetmanagementspain.com\/en\/"},{"@type":"ListItem","position":2,"name":"Legal warning"}]},{"@type":"WebSite","@id":"https:\/\/assetmanagementspain.com\/en\/#website","url":"https:\/\/assetmanagementspain.com\/en\/","name":"Asset Management Spain GestMadrid","description":"Asesor\u00eda de empresas experta en la adquisici\u00f3n de activos inmobiliarios y de inversi\u00f3n Asset Management Spain GestMadrid","publisher":{"@id":"https:\/\/assetmanagementspain.com\/en\/#organization"},"potentialAction":[{"@type":"SearchAction","target":{"@type":"EntryPoint","urlTemplate":"https:\/\/assetmanagementspain.com\/en\/?s={search_term_string}"},"query-input":{"@type":"PropertyValueSpecification","valueRequired":true,"valueName":"search_term_string"}}],"inLanguage":"en-US"},{"@type":"Organization","@id":"https:\/\/assetmanagementspain.com\/en\/#organization","name":"Asset Management Spain Gestmadrid","url":"https:\/\/assetmanagementspain.com\/en\/","logo":{"@type":"ImageObject","inLanguage":"en-US","@id":"https:\/\/assetmanagementspain.com\/en\/#\/schema\/logo\/image\/","url":"https:\/\/assetmanagementspain.com\/wp-content\/uploads\/2022\/06\/Logo-ASSET-MANAGEMENT-SPAIN.png","contentUrl":"https:\/\/assetmanagementspain.com\/wp-content\/uploads\/2022\/06\/Logo-ASSET-MANAGEMENT-SPAIN.png","width":651,"height":322,"caption":"Asset Management Spain Gestmadrid"},"image":{"@id":"https:\/\/assetmanagementspain.com\/en\/#\/schema\/logo\/image\/"},"sameAs":["https:\/\/www.facebook.com\/assetmanagementspain","https:\/\/x.com\/AMS_Gestmadrid","https:\/\/www.linkedin.com\/company\/asset-management-spain-gestmadrid\/?original_referer=httpsassetmanagementspain.com","https:\/\/www.instagram.com\/assetmanagementspain\/"]}]}},"_links":{"self":[{"href":"https:\/\/assetmanagementspain.com\/en\/wp-json\/wp\/v2\/pages\/987489944","targetHints":{"allow":["GET"]}}],"collection":[{"href":"https:\/\/assetmanagementspain.com\/en\/wp-json\/wp\/v2\/pages"}],"about":[{"href":"https:\/\/assetmanagementspain.com\/en\/wp-json\/wp\/v2\/types\/page"}],"author":[{"embeddable":true,"href":"https:\/\/assetmanagementspain.com\/en\/wp-json\/wp\/v2\/users\/1"}],"replies":[{"embeddable":true,"href":"https:\/\/assetmanagementspain.com\/en\/wp-json\/wp\/v2\/comments?post=987489944"}],"version-history":[{"count":2,"href":"https:\/\/assetmanagementspain.com\/en\/wp-json\/wp\/v2\/pages\/987489944\/revisions"}],"predecessor-version":[{"id":987489946,"href":"https:\/\/assetmanagementspain.com\/en\/wp-json\/wp\/v2\/pages\/987489944\/revisions\/987489946"}],"wp:attachment":[{"href":"https:\/\/assetmanagementspain.com\/en\/wp-json\/wp\/v2\/media?parent=987489944"}],"curies":[{"name":"wp","href":"https:\/\/api.w.org\/{rel}","templated":true}]}}